{"id":883,"date":"2019-09-26T14:29:45","date_gmt":"2019-09-26T12:29:45","guid":{"rendered":"https:\/\/abilat.com\/az\/"},"modified":"2019-09-26T14:29:51","modified_gmt":"2019-09-26T12:29:51","slug":"az","status":"publish","type":"page","link":"https:\/\/abilat.com\/hu\/az\/","title":{"rendered":"Az"},"content":{"rendered":"<p>[et_pb_section fb_built=&#8221;1&#8243; fullwidth=&#8221;on&#8221; admin_label=&#8221;Header&#8221; _builder_version=&#8221;3.26.3&#8243; background_image=&#8221;https:\/\/abilat.com\/wp-content\/uploads\/2019\/08\/bio-feta-olive-salami-lieferant-haendler-.jpeg&#8221; parallax=&#8221;on&#8221; custom_padding=&#8221;0|0px|0|0px|false|false&#8221;][et_pb_fullwidth_header title=&#8221;Az Abilatr\u00f3l&#8221; content_max_width=&#8221;650px&#8221; content_max_width_tablet=&#8221;480px&#8221; content_max_width_last_edited=&#8221;on|tablet&#8221; _builder_version=&#8221;3.26.3&#8243; title_font=&#8221;Open Sans|800|||||||&#8221; title_font_size=&#8221;72px&#8221; title_line_height=&#8221;1.2em&#8221; content_font=&#8221;Cabin||||||||&#8221; content_font_size=&#8221;18px&#8221; content_line_height=&#8221;1.8em&#8221; background_color=&#8221;rgba(255,255,255,0)&#8221; use_background_color_gradient=&#8221;on&#8221; background_color_gradient_start=&#8221;rgba(255,255,255,0)&#8221; background_color_gradient_end=&#8221;#ffffff&#8221; background_color_gradient_type=&#8221;radial&#8221; background_color_gradient_direction_radial=&#8221;right&#8221; background_color_gradient_end_position=&#8221;40%&#8221; background_position=&#8221;center_left&#8221; custom_button_one=&#8221;on&#8221; button_one_text_size=&#8221;16px&#8221; button_one_text_color=&#8221;#ffffff&#8221; button_one_bg_color=&#8221;#ff6d4a&#8221; button_one_border_width=&#8221;15px&#8221; button_one_border_color=&#8221;#ff6d4a&#8221; button_one_border_radius=&#8221;4px&#8221; button_one_letter_spacing=&#8221;3px&#8221; button_one_font=&#8221;Cabin|700||on|||||&#8221; custom_button_two=&#8221;on&#8221; button_two_text_size=&#8221;16px&#8221; button_two_text_color=&#8221;#ffffff&#8221; button_two_bg_color=&#8221;#ff6d4a&#8221; button_two_border_width=&#8221;15px&#8221; button_two_border_color=&#8221;#ff6d4a&#8221; button_two_border_radius=&#8221;4px&#8221; button_two_letter_spacing=&#8221;3px&#8221; button_two_font=&#8221;Cabin|700||on|||||&#8221; background_layout=&#8221;light&#8221; height=&#8221;350px&#8221; custom_margin=&#8221;|||&#8221; custom_padding=&#8221;100px||100px||true&#8221; title_font_size_phone=&#8221;40px&#8221; title_font_size_last_edited=&#8221;on|phone&#8221; title_line_height_phone=&#8221;1.2em&#8221; title_line_height_last_edited=&#8221;on|phone&#8221; button_one_border_radius_hover=&#8221;4px&#8221; button_two_border_radius_hover=&#8221;4px&#8221; button_one_letter_spacing_hover=&#8221;3px&#8221; button_two_letter_spacing_hover=&#8221;3px&#8221; button_one_text_size__hover_enabled=&#8221;off&#8221; button_two_text_size__hover_enabled=&#8221;off&#8221; button_one_text_color__hover_enabled=&#8221;off&#8221; button_two_text_color__hover_enabled=&#8221;off&#8221; button_one_border_width__hover_enabled=&#8221;off&#8221; button_two_border_width__hover_enabled=&#8221;off&#8221; button_one_border_color__hover_enabled=&#8221;off&#8221; button_two_border_color__hover_enabled=&#8221;off&#8221; button_one_border_radius__hover_enabled=&#8221;on&#8221; button_one_border_radius__hover=&#8221;4px&#8221; button_two_border_radius__hover_enabled=&#8221;on&#8221; button_two_border_radius__hover=&#8221;4px&#8221; button_one_letter_spacing__hover_enabled=&#8221;on&#8221; button_one_letter_spacing__hover=&#8221;3px&#8221; button_two_letter_spacing__hover_enabled=&#8221;on&#8221; button_two_letter_spacing__hover=&#8221;3px&#8221; button_one_bg_color__hover_enabled=&#8221;off&#8221; button_two_bg_color__hover_enabled=&#8221;off&#8221;]<\/p>\n<p>Mir\u0151l vagyunk felismerhet\u0151ek<\/p>\n<p>[\/et_pb_fullwidth_header][\/et_pb_section][et_pb_section fb_built=&#8221;1&#8243; admin_label=&#8221;About&#8221; _builder_version=&#8221;3.22&#8243; locked=&#8221;off&#8221;][et_pb_row column_structure=&#8221;1_2,1_2&#8243; padding_top_bottom_link_2=&#8221;false&#8221; _builder_version=&#8221;3.25&#8243;][et_pb_column type=&#8221;1_2&#8243; _builder_version=&#8221;3.25&#8243; background_size=&#8221;initial&#8221; custom_padding=&#8221;|||&#8221; custom_padding__hover=&#8221;|||&#8221;][et_pb_image src=&#8221;https:\/\/abilat.com\/wp-content\/uploads\/2019\/07\/image-011.jpg&#8221; align_tablet=&#8221;center&#8221; align_last_edited=&#8221;on|desktop&#8221; _builder_version=&#8221;3.23&#8243; border_radii=&#8221;on|4px|4px|4px|4px&#8221; animation_style=&#8221;slide&#8221; animation_direction=&#8221;left&#8221; animation_intensity_slide=&#8221;2%&#8221;][\/et_pb_image][\/et_pb_column][et_pb_column type=&#8221;1_2&#8243; _builder_version=&#8221;3.25&#8243; background_image=&#8221;https:\/\/abilat.com\/wp-content\/uploads\/2019\/07\/square-bg.png&#8221; background_size=&#8221;initial&#8221; background_position=&#8221;top_left&#8221; custom_padding=&#8221;40px|||40px&#8221; custom_padding_tablet=&#8221;|||&#8221; custom_padding_last_edited=&#8221;off|desktop&#8221; custom_padding__hover=&#8221;|||&#8221;][et_pb_text _builder_version=&#8221;3.26.3&#8243; text_font=&#8221;||||||||&#8221; text_line_height=&#8221;2em&#8221; header_font=&#8221;Open Sans|800|||||||&#8221; header_2_font=&#8221;Open Sans|800|||||||&#8221; header_2_font_size=&#8221;60px&#8221; header_2_line_height=&#8221;1.2em&#8221; max_width=&#8221;600px&#8221; header_2_font_size_tablet=&#8221;50px&#8221; header_2_font_size_phone=&#8221;32px&#8221; header_2_font_size_last_edited=&#8221;on|desktop&#8221; locked=&#8221;off&#8221;]<\/p>\n<h2>R\u00d3LUNK<\/h2>\n<p><b>Abilat GmbH: Finoms\u00e1gok val\u00f3di bio min\u0151s\u00e9gben<\/b><\/p>\n<p>Mi vagyunk az \u00d6n megb\u00edzhat\u00f3 bio csemege sz\u00e1ll\u00edt\u00f3ja. Sz\u00edvesen adunk t\u00e1j\u00e9koztat\u00e1st k\u00e9zzel v\u00e1logatott term\u00e9keinkr\u0151l \u00e9s megfelel\u0151 aj\u00e1nlatot \u00e1ll\u00edtunk \u00f6ssze. Ha egyszer m\u00e1r r\u00e1\u00e9reztek az \u00edz\u00e9re, a legt\u00f6bb v\u00e1s\u00e1rl\u00f3nk nem is akar lemondani a gy\u00e1rt\u00f3k \u00e9s \u00fczemek magas bio min\u0151s\u00e9g\u00e9r\u0151l, akik sok szeretettel k\u00e9sz\u00edtik el a h\u00fasokat, z\u00f6lds\u00e9geket \u00e9s tov\u00e1bbi finoms\u00e1gokat csemege sz\u00ednvonalon.<\/p>\n<p>&nbsp;<\/p>\n<ul>\n<li>T\u00f6bb, mint 20 \u00e9ves tapasztalat az \u00e9lelmiszeripar ter\u00fclet\u00e9n<\/li>\n<li>Sok\u00e9ves kapcsolat a mediterr\u00e1n termel\u0151kkel<\/li>\n<li>V\u00e1logatott, kiv\u00e1l\u00f3 min\u0151s\u00e9g\u0171 BIO \u00e9lelmiszerek<\/li>\n<li>Rugalmasan kezelj\u00fck az \u00d6n k\u00edv\u00e1ns\u00e1gait!<\/li>\n<li>Nagyfok\u00fa megb\u00edzhat\u00f3s\u00e1g<\/li>\n<\/ul>\n<p>[\/et_pb_text][\/et_pb_column][\/et_pb_row][et_pb_row column_structure=&#8221;1_3,1_3,1_3&#8243; _builder_version=&#8221;3.25&#8243; locked=&#8221;off&#8221;][et_pb_column type=&#8221;1_3&#8243; _builder_version=&#8221;3.25&#8243; custom_padding=&#8221;|||&#8221; custom_padding__hover=&#8221;|||&#8221;][et_pb_text _builder_version=&#8221;3.26.3&#8243; text_font=&#8221;||||||||&#8221; text_line_height=&#8221;2em&#8221; link_font=&#8221;|600|||||||&#8221; link_text_color=&#8221;#ff6d4a&#8221; header_font=&#8221;||||||||&#8221; header_3_font=&#8221;Open Sans|800|||||||&#8221; header_3_font_size=&#8221;20px&#8221; header_3_line_height=&#8221;1.2em&#8221; background_color=&#8221;#ffffff&#8221; border_radii=&#8221;on|4px|4px|4px|4px&#8221; border_width_all=&#8221;1px&#8221; border_color_all=&#8221;#e1e1e1&#8243; custom_padding=&#8221;50px|40px|50px|40px|true|true&#8221; header_3_font_size_tablet=&#8221;60px&#8221; header_3_font_size_phone=&#8221;35px&#8221; header_3_font_size_last_edited=&#8221;off|desktop&#8221;]<\/p>\n<h3><img loading=\"lazy\" decoding=\"async\" class=\"aligncenter wp-image-591\" src=\"https:\/\/abilat.com\/wp-content\/uploads\/2019\/08\/Gewuerz-300x290.png\" alt=\"\" width=\"50\" height=\"48\"><\/h3>\n<h3 style=\"text-align: center\">TAN\u00daS\u00cdTV\u00c1NNYAL RENDELKEZ\u0150 100% BIO CSEMEGE<\/h3>\n<p>Mediterr\u00e1n csemege k\u00fcl\u00f6nlegess\u00e9geink bio term\u00e9kek,<br \/>ahogyan azt min\u0151s\u00e9gtudatos v\u00e1s\u00e1rl\u00f3ink elv\u00e1rj\u00e1k. Termel\u0151ink kiv\u00e1laszt\u00e1s\u00e1n\u00e1l szigor\u00faan \u00fcgyel\u00fcnk a<br \/>100%-os bio min\u0151s\u00e9gre, amit fair \u00e1rakkal viszonzunk a gy\u00e1rt\u00f3knak \u00e9s a nagy- \u00e9s kiskeresked\u0151knek.<\/p>\n<p><img loading=\"lazy\" decoding=\"async\" class=\"wp-image-583 size-full aligncenter\" src=\"https:\/\/abilat.com\/wp-content\/uploads\/2019\/08\/Bildschirmfoto-2019-08-16-um-16.32.49.png\" alt=\"\" width=\"190\" height=\"164\"><\/p>\n<p>Bio tan\u00fas\u00edtv\u00e1ny.<br \/>K\u00e9r\u00e9s\u00e9re az \u00e9rv\u00e9nyes tan\u00fast\u00edv\u00e1nyt sz\u00edvesen rendelkez\u00e9s\u00e9re bocs\u00e1tjuk.<\/p>\n<p>[\/et_pb_text][\/et_pb_column][et_pb_column type=&#8221;1_3&#8243; _builder_version=&#8221;3.25&#8243; custom_padding=&#8221;|||&#8221; custom_padding__hover=&#8221;|||&#8221;][et_pb_text _builder_version=&#8221;3.26.3&#8243; text_font=&#8221;||||||||&#8221; text_line_height=&#8221;2em&#8221; link_font=&#8221;|600|||||||&#8221; link_text_color=&#8221;#ff6d4a&#8221; header_font=&#8221;||||||||&#8221; header_3_font=&#8221;Open Sans|800|||||||&#8221; header_3_font_size=&#8221;20px&#8221; header_3_line_height=&#8221;1.2em&#8221; background_color=&#8221;#ffffff&#8221; border_radii=&#8221;on|4px|4px|4px|4px&#8221; border_width_all=&#8221;1px&#8221; border_color_all=&#8221;#e1e1e1&#8243; custom_padding=&#8221;50px|40px|50px|40px|true|true&#8221; header_3_font_size_tablet=&#8221;60px&#8221; header_3_font_size_phone=&#8221;35px&#8221; header_3_font_size_last_edited=&#8221;off|desktop&#8221; locked=&#8221;off&#8221;]<\/p>\n<h3><img loading=\"lazy\" decoding=\"async\" class=\"aligncenter wp-image-591\" src=\"https:\/\/abilat.com\/wp-content\/uploads\/2019\/08\/Gewuerz-300x290.png\" alt=\"\" width=\"50\" height=\"48\"><\/h3>\n<h3 style=\"text-align: center\">Fenntarthat\u00f3 term\u00e9szt\u00e9s<\/h3>\n<p>Minden t\u0151l\u00fcnk rendelt specialit\u00e1s fenntarthat\u00f3<br \/>gazd\u00e1lkod\u00e1sb\u00f3l sz\u00e1rmazik. Ez azt jelenti, hogy gy\u00e1rt\u00f3ink \u00e9s egy\u00fcttm\u0171k\u00f6d\u0151 partnereink a vet\u00e9st\u0151l a betakar\u00edt\u00e1sig nagy hangs\u00falyt fektetnek az \u00e9lelmiszerek \u00f6kol\u00f3giai \u00e9s szoci\u00e1lis el\u0151\u00e1ll\u00edt\u00e1s\u00e1ra. A fenntarthat\u00f3 gazd\u00e1lkod\u00e1s garant\u00e1lja az exquisit term\u00e9kmin\u0151s\u00e9get \u00e9s elhat\u00e1rol\u00f3dik a t\u00f6meg\u00e1rukt\u00f3l.<\/p>\n<p>[\/et_pb_text][\/et_pb_column][et_pb_column type=&#8221;1_3&#8243; _builder_version=&#8221;3.25&#8243; custom_padding=&#8221;|||&#8221; custom_padding__hover=&#8221;|||&#8221;][et_pb_text _builder_version=&#8221;3.26.3&#8243; text_font=&#8221;||||||||&#8221; text_line_height=&#8221;2em&#8221; link_font=&#8221;|600|||||||&#8221; link_text_color=&#8221;#ff6d4a&#8221; header_font=&#8221;||||||||&#8221; header_3_font=&#8221;Open Sans|800|||||||&#8221; header_3_font_size=&#8221;20px&#8221; header_3_line_height=&#8221;1.2em&#8221; background_color=&#8221;#ffffff&#8221; border_radii=&#8221;on|4px|4px|4px|4px&#8221; border_width_all=&#8221;1px&#8221; border_color_all=&#8221;#e1e1e1&#8243; custom_padding=&#8221;50px|40px|50px|40px|true|true&#8221; header_3_font_size_tablet=&#8221;60px&#8221; header_3_font_size_phone=&#8221;35px&#8221; header_3_font_size_last_edited=&#8221;off|desktop&#8221; locked=&#8221;off&#8221;]<\/p>\n<h3><img loading=\"lazy\" decoding=\"async\" class=\"aligncenter wp-image-591\" src=\"https:\/\/abilat.com\/wp-content\/uploads\/2019\/08\/Gewuerz-300x290.png\" alt=\"\" width=\"50\" height=\"48\"><\/h3>\n<h3 style=\"text-align: center\">TELJESK\u00d6R\u0170 \u00c1TL\u00c1THAT\u00d3S\u00c1G A SZ\u00c1RMAZ\u00c1ST ILLET\u0150EN<\/h3>\n<p>Tudjuk, honnan sz\u00e1rmaznak \u00e9lelmiszereink \u00e9s milyen k\u00f6r\u00fclm\u00e9nyek k\u00f6z\u00f6tt termesztik \u0151ket. Minden csemege specialit\u00e1sunkkal kapcsolatban sz\u00edvesen ny\u00fajtunk \u00e1tfog\u00f3 t\u00e1j\u00e9koztat\u00e1st arr\u00f3l, hogy melyik r\u00e9gi\u00f3ban, illetve melyik termel\u0151n\u00e9l \u00e1ll\u00edtj\u00e1k el\u0151. Minden folyamatunk sor\u00e1n, a vet\u00e9st\u0151l a hozz\u00e1nk t\u00f6rt\u00e9n\u0151 sz\u00e1ll\u00edt\u00e1sig, biztos\u00edtott a korl\u00e1tlan \u00e1tl\u00e1that\u00f3s\u00e1g.<\/p>\n<p>[\/et_pb_text][\/et_pb_column][\/et_pb_row][\/et_pb_section]<\/p>\n","protected":false},"excerpt":{"rendered":"<p>[et_pb_section fb_built=&#8221;1&#8243; fullwidth=&#8221;on&#8221; admin_label=&#8221;Header&#8221; _builder_version=&#8221;3.26.3&#8243; background_image=&#8221;https:\/\/abilat.com\/wp-content\/uploads\/2019\/08\/bio-feta-olive-salami-lieferant-haendler-.jpeg&#8221; parallax=&#8221;on&#8221; custom_padding=&#8221;0|0px|0|0px|false|false&#8221;][et_pb_fullwidth_header title=&#8221;Az Abilatr\u00f3l&#8221; content_max_width=&#8221;650px&#8221; content_max_width_tablet=&#8221;480px&#8221; content_max_width_last_edited=&#8221;on|tablet&#8221; _builder_version=&#8221;3.26.3&#8243; title_font=&#8221;Open Sans|800|||||||&#8221; title_font_size=&#8221;72px&#8221; title_line_height=&#8221;1.2em&#8221; content_font=&#8221;Cabin||||||||&#8221; content_font_size=&#8221;18px&#8221; content_line_height=&#8221;1.8em&#8221; background_color=&#8221;rgba(255,255,255,0)&#8221; use_background_color_gradient=&#8221;on&#8221; background_color_gradient_start=&#8221;rgba(255,255,255,0)&#8221; background_color_gradient_end=&#8221;#ffffff&#8221; background_color_gradient_type=&#8221;radial&#8221; background_color_gradient_direction_radial=&#8221;right&#8221; background_color_gradient_end_position=&#8221;40%&#8221; background_position=&#8221;center_left&#8221; custom_button_one=&#8221;on&#8221; button_one_text_size=&#8221;16px&#8221; button_one_text_color=&#8221;#ffffff&#8221; button_one_bg_color=&#8221;#ff6d4a&#8221; button_one_border_width=&#8221;15px&#8221; button_one_border_color=&#8221;#ff6d4a&#8221; button_one_border_radius=&#8221;4px&#8221; button_one_letter_spacing=&#8221;3px&#8221; button_one_font=&#8221;Cabin|700||on|||||&#8221; custom_button_two=&#8221;on&#8221; button_two_text_size=&#8221;16px&#8221; button_two_text_color=&#8221;#ffffff&#8221; button_two_bg_color=&#8221;#ff6d4a&#8221; button_two_border_width=&#8221;15px&#8221; button_two_border_color=&#8221;#ff6d4a&#8221; button_two_border_radius=&#8221;4px&#8221; button_two_letter_spacing=&#8221;3px&#8221; button_two_font=&#8221;Cabin|700||on|||||&#8221; background_layout=&#8221;light&#8221; height=&#8221;350px&#8221; custom_margin=&#8221;|||&#8221; custom_padding=&#8221;100px||100px||true&#8221; title_font_size_phone=&#8221;40px&#8221; title_font_size_last_edited=&#8221;on|phone&#8221; title_line_height_phone=&#8221;1.2em&#8221; title_line_height_last_edited=&#8221;on|phone&#8221; [&hellip;]<\/p>\n","protected":false},"author":1,"featured_media":0,"parent":0,"menu_order":0,"comment_status":"closed","ping_status":"closed","template":"","meta":{"_et_pb_use_builder":"on","_et_pb_old_content":"","_et_gb_content_width":"","footnotes":""},"class_list":["post-883","page","type-page","status-publish","hentry"],"yoast_head":"<!-- This site is optimized with the Yoast SEO plugin v24.3 - https:\/\/yoast.com\/wordpress\/plugins\/seo\/ -->\n<title>Az - abilat - Lebensmittelh\u00e4ndler<\/title>\n<meta name=\"robots\" content=\"index, follow, max-snippet:-1, max-image-preview:large, max-video-preview:-1\" \/>\n<link rel=\"canonical\" href=\"https:\/\/abilat.com\/hu\/az\/\" \/>\n<meta property=\"og:locale\" content=\"hu_HU\" \/>\n<meta property=\"og:type\" content=\"article\" \/>\n<meta property=\"og:title\" content=\"Az - abilat - Lebensmittelh\u00e4ndler\" \/>\n<meta property=\"og:description\" content=\"[et_pb_section fb_built=&#8221;1&#8243; fullwidth=&#8221;on&#8221; admin_label=&#8221;Header&#8221; _builder_version=&#8221;3.26.3&#8243; background_image=&#8221;https:\/\/abilat.com\/wp-content\/uploads\/2019\/08\/bio-feta-olive-salami-lieferant-haendler-.jpeg&#8221; parallax=&#8221;on&#8221; custom_padding=&#8221;0|0px|0|0px|false|false&#8221;][et_pb_fullwidth_header title=&#8221;Az Abilatr\u00f3l&#8221; content_max_width=&#8221;650px&#8221; content_max_width_tablet=&#8221;480px&#8221; content_max_width_last_edited=&#8221;on|tablet&#8221; _builder_version=&#8221;3.26.3&#8243; title_font=&#8221;Open Sans|800|||||||&#8221; title_font_size=&#8221;72px&#8221; title_line_height=&#8221;1.2em&#8221; content_font=&#8221;Cabin||||||||&#8221; content_font_size=&#8221;18px&#8221; content_line_height=&#8221;1.8em&#8221; background_color=&#8221;rgba(255,255,255,0)&#8221; use_background_color_gradient=&#8221;on&#8221; background_color_gradient_start=&#8221;rgba(255,255,255,0)&#8221; background_color_gradient_end=&#8221;#ffffff&#8221; background_color_gradient_type=&#8221;radial&#8221; background_color_gradient_direction_radial=&#8221;right&#8221; background_color_gradient_end_position=&#8221;40%&#8221; background_position=&#8221;center_left&#8221; custom_button_one=&#8221;on&#8221; button_one_text_size=&#8221;16px&#8221; button_one_text_color=&#8221;#ffffff&#8221; button_one_bg_color=&#8221;#ff6d4a&#8221; button_one_border_width=&#8221;15px&#8221; button_one_border_color=&#8221;#ff6d4a&#8221; button_one_border_radius=&#8221;4px&#8221; button_one_letter_spacing=&#8221;3px&#8221; button_one_font=&#8221;Cabin|700||on|||||&#8221; custom_button_two=&#8221;on&#8221; button_two_text_size=&#8221;16px&#8221; button_two_text_color=&#8221;#ffffff&#8221; button_two_bg_color=&#8221;#ff6d4a&#8221; button_two_border_width=&#8221;15px&#8221; button_two_border_color=&#8221;#ff6d4a&#8221; button_two_border_radius=&#8221;4px&#8221; button_two_letter_spacing=&#8221;3px&#8221; button_two_font=&#8221;Cabin|700||on|||||&#8221; background_layout=&#8221;light&#8221; height=&#8221;350px&#8221; custom_margin=&#8221;|||&#8221; custom_padding=&#8221;100px||100px||true&#8221; title_font_size_phone=&#8221;40px&#8221; title_font_size_last_edited=&#8221;on|phone&#8221; title_line_height_phone=&#8221;1.2em&#8221; title_line_height_last_edited=&#8221;on|phone&#8221; [&hellip;]\" \/>\n<meta property=\"og:url\" content=\"https:\/\/abilat.com\/hu\/az\/\" \/>\n<meta property=\"og:site_name\" content=\"abilat - Lebensmittelh\u00e4ndler\" \/>\n<meta property=\"article:modified_time\" content=\"2019-09-26T12:29:51+00:00\" \/>\n<meta property=\"og:image\" content=\"https:\/\/abilat.com\/wp-content\/uploads\/2019\/08\/Gewuerz-300x290.png\" \/>\n<meta name=\"twitter:card\" content=\"summary_large_image\" \/>\n<meta name=\"twitter:label1\" content=\"Becs\u00fclt olvas\u00e1si id\u0151\" \/>\n\t<meta name=\"twitter:data1\" content=\"6 perc\" \/>\n<script type=\"application\/ld+json\" class=\"yoast-schema-graph\">{\"@context\":\"https:\/\/schema.org\",\"@graph\":[{\"@type\":\"WebPage\",\"@id\":\"https:\/\/abilat.com\/hu\/az\/\",\"url\":\"https:\/\/abilat.com\/hu\/az\/\",\"name\":\"Az - abilat - Lebensmittelh\u00e4ndler\",\"isPartOf\":{\"@id\":\"https:\/\/abilat.com\/#website\"},\"primaryImageOfPage\":{\"@id\":\"https:\/\/abilat.com\/hu\/az\/#primaryimage\"},\"image\":{\"@id\":\"https:\/\/abilat.com\/hu\/az\/#primaryimage\"},\"thumbnailUrl\":\"https:\/\/abilat.com\/wp-content\/uploads\/2019\/08\/Gewuerz-300x290.png\",\"datePublished\":\"2019-09-26T12:29:45+00:00\",\"dateModified\":\"2019-09-26T12:29:51+00:00\",\"breadcrumb\":{\"@id\":\"https:\/\/abilat.com\/hu\/az\/#breadcrumb\"},\"inLanguage\":\"hu\",\"potentialAction\":[{\"@type\":\"ReadAction\",\"target\":[\"https:\/\/abilat.com\/hu\/az\/\"]}]},{\"@type\":\"ImageObject\",\"inLanguage\":\"hu\",\"@id\":\"https:\/\/abilat.com\/hu\/az\/#primaryimage\",\"url\":\"https:\/\/abilat.com\/wp-content\/uploads\/2019\/08\/Gewuerz-300x290.png\",\"contentUrl\":\"https:\/\/abilat.com\/wp-content\/uploads\/2019\/08\/Gewuerz-300x290.png\"},{\"@type\":\"BreadcrumbList\",\"@id\":\"https:\/\/abilat.com\/hu\/az\/#breadcrumb\",\"itemListElement\":[{\"@type\":\"ListItem\",\"position\":1,\"name\":\"Startseite\",\"item\":\"https:\/\/abilat.com\/hu\/\"},{\"@type\":\"ListItem\",\"position\":2,\"name\":\"Az\"}]},{\"@type\":\"WebSite\",\"@id\":\"https:\/\/abilat.com\/#website\",\"url\":\"https:\/\/abilat.com\/\",\"name\":\"abilat - Lebensmittelh\u00e4ndler\",\"description\":\"Wir liefern 100% Bio Qualit\u00e4t\",\"potentialAction\":[{\"@type\":\"SearchAction\",\"target\":{\"@type\":\"EntryPoint\",\"urlTemplate\":\"https:\/\/abilat.com\/?s={search_term_string}\"},\"query-input\":{\"@type\":\"PropertyValueSpecification\",\"valueRequired\":true,\"valueName\":\"search_term_string\"}}],\"inLanguage\":\"hu\"}]}<\/script>\n<!-- \/ Yoast SEO plugin. -->","yoast_head_json":{"title":"Az - abilat - Lebensmittelh\u00e4ndler","robots":{"index":"index","follow":"follow","max-snippet":"max-snippet:-1","max-image-preview":"max-image-preview:large","max-video-preview":"max-video-preview:-1"},"canonical":"https:\/\/abilat.com\/hu\/az\/","og_locale":"hu_HU","og_type":"article","og_title":"Az - abilat - Lebensmittelh\u00e4ndler","og_description":"[et_pb_section fb_built=&#8221;1&#8243; fullwidth=&#8221;on&#8221; admin_label=&#8221;Header&#8221; _builder_version=&#8221;3.26.3&#8243; background_image=&#8221;https:\/\/abilat.com\/wp-content\/uploads\/2019\/08\/bio-feta-olive-salami-lieferant-haendler-.jpeg&#8221; parallax=&#8221;on&#8221; custom_padding=&#8221;0|0px|0|0px|false|false&#8221;][et_pb_fullwidth_header title=&#8221;Az Abilatr\u00f3l&#8221; content_max_width=&#8221;650px&#8221; content_max_width_tablet=&#8221;480px&#8221; content_max_width_last_edited=&#8221;on|tablet&#8221; _builder_version=&#8221;3.26.3&#8243; title_font=&#8221;Open Sans|800|||||||&#8221; title_font_size=&#8221;72px&#8221; title_line_height=&#8221;1.2em&#8221; content_font=&#8221;Cabin||||||||&#8221; content_font_size=&#8221;18px&#8221; content_line_height=&#8221;1.8em&#8221; background_color=&#8221;rgba(255,255,255,0)&#8221; use_background_color_gradient=&#8221;on&#8221; background_color_gradient_start=&#8221;rgba(255,255,255,0)&#8221; background_color_gradient_end=&#8221;#ffffff&#8221; background_color_gradient_type=&#8221;radial&#8221; background_color_gradient_direction_radial=&#8221;right&#8221; background_color_gradient_end_position=&#8221;40%&#8221; background_position=&#8221;center_left&#8221; custom_button_one=&#8221;on&#8221; button_one_text_size=&#8221;16px&#8221; button_one_text_color=&#8221;#ffffff&#8221; button_one_bg_color=&#8221;#ff6d4a&#8221; button_one_border_width=&#8221;15px&#8221; button_one_border_color=&#8221;#ff6d4a&#8221; button_one_border_radius=&#8221;4px&#8221; button_one_letter_spacing=&#8221;3px&#8221; button_one_font=&#8221;Cabin|700||on|||||&#8221; custom_button_two=&#8221;on&#8221; button_two_text_size=&#8221;16px&#8221; button_two_text_color=&#8221;#ffffff&#8221; button_two_bg_color=&#8221;#ff6d4a&#8221; button_two_border_width=&#8221;15px&#8221; button_two_border_color=&#8221;#ff6d4a&#8221; button_two_border_radius=&#8221;4px&#8221; button_two_letter_spacing=&#8221;3px&#8221; button_two_font=&#8221;Cabin|700||on|||||&#8221; background_layout=&#8221;light&#8221; height=&#8221;350px&#8221; custom_margin=&#8221;|||&#8221; custom_padding=&#8221;100px||100px||true&#8221; title_font_size_phone=&#8221;40px&#8221; title_font_size_last_edited=&#8221;on|phone&#8221; title_line_height_phone=&#8221;1.2em&#8221; title_line_height_last_edited=&#8221;on|phone&#8221; [&hellip;]","og_url":"https:\/\/abilat.com\/hu\/az\/","og_site_name":"abilat - Lebensmittelh\u00e4ndler","article_modified_time":"2019-09-26T12:29:51+00:00","og_image":[{"url":"https:\/\/abilat.com\/wp-content\/uploads\/2019\/08\/Gewuerz-300x290.png","type":"","width":"","height":""}],"twitter_card":"summary_large_image","twitter_misc":{"Becs\u00fclt olvas\u00e1si id\u0151":"6 perc"},"schema":{"@context":"https:\/\/schema.org","@graph":[{"@type":"WebPage","@id":"https:\/\/abilat.com\/hu\/az\/","url":"https:\/\/abilat.com\/hu\/az\/","name":"Az - abilat - Lebensmittelh\u00e4ndler","isPartOf":{"@id":"https:\/\/abilat.com\/#website"},"primaryImageOfPage":{"@id":"https:\/\/abilat.com\/hu\/az\/#primaryimage"},"image":{"@id":"https:\/\/abilat.com\/hu\/az\/#primaryimage"},"thumbnailUrl":"https:\/\/abilat.com\/wp-content\/uploads\/2019\/08\/Gewuerz-300x290.png","datePublished":"2019-09-26T12:29:45+00:00","dateModified":"2019-09-26T12:29:51+00:00","breadcrumb":{"@id":"https:\/\/abilat.com\/hu\/az\/#breadcrumb"},"inLanguage":"hu","potentialAction":[{"@type":"ReadAction","target":["https:\/\/abilat.com\/hu\/az\/"]}]},{"@type":"ImageObject","inLanguage":"hu","@id":"https:\/\/abilat.com\/hu\/az\/#primaryimage","url":"https:\/\/abilat.com\/wp-content\/uploads\/2019\/08\/Gewuerz-300x290.png","contentUrl":"https:\/\/abilat.com\/wp-content\/uploads\/2019\/08\/Gewuerz-300x290.png"},{"@type":"BreadcrumbList","@id":"https:\/\/abilat.com\/hu\/az\/#breadcrumb","itemListElement":[{"@type":"ListItem","position":1,"name":"Startseite","item":"https:\/\/abilat.com\/hu\/"},{"@type":"ListItem","position":2,"name":"Az"}]},{"@type":"WebSite","@id":"https:\/\/abilat.com\/#website","url":"https:\/\/abilat.com\/","name":"abilat - Lebensmittelh\u00e4ndler","description":"Wir liefern 100% Bio Qualit\u00e4t","potentialAction":[{"@type":"SearchAction","target":{"@type":"EntryPoint","urlTemplate":"https:\/\/abilat.com\/?s={search_term_string}"},"query-input":{"@type":"PropertyValueSpecification","valueRequired":true,"valueName":"search_term_string"}}],"inLanguage":"hu"}]}},"_links":{"self":[{"href":"https:\/\/abilat.com\/hu\/wp-json\/wp\/v2\/pages\/883","targetHints":{"allow":["GET"]}}],"collection":[{"href":"https:\/\/abilat.com\/hu\/wp-json\/wp\/v2\/pages"}],"about":[{"href":"https:\/\/abilat.com\/hu\/wp-json\/wp\/v2\/types\/page"}],"author":[{"embeddable":true,"href":"https:\/\/abilat.com\/hu\/wp-json\/wp\/v2\/users\/1"}],"replies":[{"embeddable":true,"href":"https:\/\/abilat.com\/hu\/wp-json\/wp\/v2\/comments?post=883"}],"version-history":[{"count":0,"href":"https:\/\/abilat.com\/hu\/wp-json\/wp\/v2\/pages\/883\/revisions"}],"wp:attachment":[{"href":"https:\/\/abilat.com\/hu\/wp-json\/wp\/v2\/media?parent=883"}],"curies":[{"name":"wp","href":"https:\/\/api.w.org\/{rel}","templated":true}]}}